{"id":1351,"date":"2021-05-27T09:05:45","date_gmt":"2021-05-27T12:05:45","guid":{"rendered":"https:\/\/webdesarrollo.polneuquen.gob.ar\/?page_id=1351"},"modified":"2024-07-03T13:41:24","modified_gmt":"2024-07-03T16:41:24","slug":"agencias-de-vigilancia","status":"publish","type":"page","link":"https:\/\/www.policiadelneuquen.gob.ar\/index.php\/agencias-de-vigilancia\/","title":{"rendered":"<!--AGENCIAS DE VIGILANCIA-->"},"content":{"rendered":"\t\t<div data-elementor-type=\"wp-page\" data-elementor-id=\"1351\" class=\"elementor elementor-1351\">\n\t\t\t\t\t\t<section class=\"elementor-section elementor-top-section elementor-element elementor-element-32acd69f elementor-section-content-middle elementor-section-stretched elementor-section-boxed elementor-section-height-default elementor-section-height-default\" data-id=\"32acd69f\" data-element_type=\"section\" data-e-type=\"section\" data-settings=\"{&quot;stretch_section&quot;:&quot;section-stretched&quot;,&quot;background_background&quot;:&quot;classic&quot;}\">\n\t\t\t\t\t\t\t<div class=\"elementor-background-overlay\"><\/div>\n\t\t\t\t\t\t\t<div class=\"elementor-container elementor-column-gap-wide\">\n\t\t\t\t\t<div class=\"elementor-column elementor-col-100 elementor-top-column elementor-element elementor-element-20193482\" data-id=\"20193482\" data-element_type=\"column\" data-e-type=\"column\">\n\t\t\t<div class=\"elementor-widget-wrap elementor-element-populated\">\n\t\t\t\t\t\t<div class=\"elementor-element elementor-element-7bf85e8b elementor-invisible elementor-widget elementor-widget-heading\" data-id=\"7bf85e8b\" data-element_type=\"widget\" data-e-type=\"widget\" data-settings=\"{&quot;_animation&quot;:&quot;fadeIn&quot;,&quot;_animation_delay&quot;:100}\" data-widget_type=\"heading.default\">\n\t\t\t\t<div class=\"elementor-widget-container\">\n\t\t\t\t\t<h2 class=\"elementor-heading-title elementor-size-default\">Agencias de Vigilancia Personal<\/h2>\t\t\t\t<\/div>\n\t\t\t\t<\/div>\n\t\t\t\t<div class=\"elementor-element elementor-element-24c5a9c4 elementor-widget-divider--view-line elementor-invisible elementor-widget elementor-widget-divider\" data-id=\"24c5a9c4\" data-element_type=\"widget\" data-e-type=\"widget\" data-settings=\"{&quot;_animation&quot;:&quot;fadeIn&quot;,&quot;_animation_delay&quot;:300}\" data-widget_type=\"divider.default\">\n\t\t\t\t<div class=\"elementor-widget-container\">\n\t\t\t\t\t\t\t<div class=\"elementor-divider\">\n\t\t\t<span class=\"elementor-divider-separator\">\n\t\t\t\t\t\t<\/span>\n\t\t<\/div>\n\t\t\t\t\t\t<\/div>\n\t\t\t\t<\/div>\n\t\t\t\t\t<\/div>\n\t\t<\/div>\n\t\t\t\t\t<\/div>\n\t\t<\/section>\n\t\t\t\t<section class=\"elementor-section elementor-top-section elementor-element elementor-element-bd51340 elementor-section-stretched elementor-section-boxed elementor-section-height-default elementor-section-height-default\" data-id=\"bd51340\" data-element_type=\"section\" data-e-type=\"section\" data-settings=\"{&quot;stretch_section&quot;:&quot;section-stretched&quot;}\">\n\t\t\t\t\t\t<div class=\"elementor-container elementor-column-gap-default\">\n\t\t\t\t\t<div class=\"elementor-column elementor-col-100 elementor-top-column elementor-element elementor-element-2aaa8f3 elementor-invisible\" data-id=\"2aaa8f3\" data-element_type=\"column\" data-e-type=\"column\" data-settings=\"{&quot;background_background&quot;:&quot;classic&quot;,&quot;animation&quot;:&quot;fadeInLeft&quot;}\">\n\t\t\t<div class=\"elementor-widget-wrap elementor-element-populated\">\n\t\t\t\t\t\t<div class=\"elementor-element elementor-element-c6b4dea elementor-invisible elementor-widget elementor-widget-heading\" data-id=\"c6b4dea\" data-element_type=\"widget\" data-e-type=\"widget\" data-settings=\"{&quot;_animation&quot;:&quot;fadeInDown&quot;}\" data-widget_type=\"heading.default\">\n\t\t\t\t<div class=\"elementor-widget-container\">\n\t\t\t\t\t<h2 class=\"elementor-heading-title elementor-size-default\">Documentaci\u00f3n a presentar:<\/h2>\t\t\t\t<\/div>\n\t\t\t\t<\/div>\n\t\t\t\t\t<\/div>\n\t\t<\/div>\n\t\t\t\t\t<\/div>\n\t\t<\/section>\n\t\t\t\t<section class=\"elementor-section elementor-top-section elementor-element elementor-element-b5fa0da elementor-section-stretched elementor-section-boxed elementor-section-height-default elementor-section-height-default elementor-invisible\" data-id=\"b5fa0da\" data-element_type=\"section\" data-e-type=\"section\" data-settings=\"{&quot;stretch_section&quot;:&quot;section-stretched&quot;,&quot;animation&quot;:&quot;fadeInLeft&quot;}\">\n\t\t\t\t\t\t<div class=\"elementor-container elementor-column-gap-default\">\n\t\t\t\t\t<div class=\"elementor-column elementor-col-100 elementor-top-column elementor-element elementor-element-750e68c elementor-invisible\" data-id=\"750e68c\" data-element_type=\"column\" data-e-type=\"column\" data-settings=\"{&quot;animation&quot;:&quot;fadeInLeft&quot;}\">\n\t\t\t<div class=\"elementor-widget-wrap elementor-element-populated\">\n\t\t\t\t\t\t<div class=\"elementor-element elementor-element-288907d elementor-invisible elementor-widget elementor-widget-text-editor\" data-id=\"288907d\" data-element_type=\"widget\" data-e-type=\"widget\" data-settings=\"{&quot;_animation&quot;:&quot;fadeIn&quot;}\" data-widget_type=\"text-editor.default\">\n\t\t\t\t<div class=\"elementor-widget-container\">\n\t\t\t\t\t\t\t\t\t<p>\u2022\u00a0<strong>DECLARACI\u00d3N JURADA<\/strong>\u00a0<em>(2 COPIAS) <\/em>que ser\u00e1n emitidas por la empresa de vigilancia que lo propone para trabajar. Cada Declaraci\u00f3n Jurada debe encontrarse con firma y sello de Director Ejecutivo, y poseer estampada o agregada fotograf\u00eda 3&#215;3 frontal fondo blanco y celeste del postulante a vigilador. Los datos personales en la ficha deben ser completados de pu\u00f1o y letra por el interesado con lapicera tinta azul, tomando la precauci\u00f3n de NO FIRMAR las Declaraciones Juradas.<\/p><p>\u2022\u00a0<strong>CONSTACIA DE ALTA<\/strong> de empleado, emitido por la Administraci\u00f3n Federal de Ingresos P\u00fablico, con r\u00fabrica del responsable de la Agencia empleadora.<\/p><p>\u2022 <strong>DOCUMENTO NACIONAL DE IDENTIDAD<\/strong>\u00a0original y actualizado del postulante\u00a0<em>(No son necesarias fotocopias del DNI)<\/em>. Solamente ser\u00e1n habilitados quienes posean domicilio en el \u00e1mbito de la Provincia del Neuqu\u00e9n.<\/p><p>\u2022\u00a0<strong>CERTIFICADO DE ANTECEDENTES PENALES<\/strong>\u00a0emitido por el Registro Nacional de Reincidencia, actualizado. Este certificado debe estar impreso y no se requieren copias.<\/p><p>\u2022\u00a0<strong>T\u00cdTULO SECUNDARIO<\/strong>\u00a0<em>(anal\u00edtico y certificado)<\/em> Se acreditar\u00e1 mediante la presentaci\u00f3n de copias debidamente certificadas por Establecimiento Educativo que expidi\u00f3 el Titulo, Escribano Publico o Juzgado de Paz. Deber\u00e1n presentarse las constancias con las certificaciones originales.<\/p><p>\u2022 <strong>ACTA DE COMPROMISO DE ESTUDIOS<\/strong> la cual se extender\u00e1 previa presentaci\u00f3n por parte del interesado de constancia de alumno regular actualizada emitida por el establecimiento educativo al que concurre.<\/p><p>\u2022\u00a0<strong>TICKET O CONSTANCIA DE TRANSFERENCIA BANCARIA<\/strong>\u00a0extendido a favor de la Cuenta BPN 104\/06 denominada Fondo de Re equipamiento Policial. La empresa de vigilancia que lo propone deber\u00e1 indicarle el monto que corresponde, y extenderle una copia de la transferencia. Si el pago se hace mediante TICKET extendido por ventanilla, deber\u00e1 presentar el original emitido por el banco, y una copia de dicho ticket.<\/p><p><strong>Cuenta de acreditaci\u00f3n: Cuenta BPN 104\/06, CUIT. N\u00b0 33-70751936-9, CBU. N\u00b0 0970022211000001040063.-<\/strong><\/p><p>\u2022\u00a0<strong>CERTIFICADO DE SALUD FISICA<\/strong> emitido por profesional de la medicina, preferentemente del \u00e1mbito p\u00fablico. Si la constancia fuera emitida por profesional de nosocomio privado, el profesional debe encontrase inscripto en el Colegio M\u00e9dico Neuqu\u00e9n.<\/p><p>\u2022 En caso de haber prestado servicios en Fuerzas Armadas, de Seguridad, Policiales o Penitenciarias, deber\u00e1 presentar Constancia actualizada que indique el causal de baja\u00a0<em>(cese, retiro, renuncia, etc.)<\/em>.<\/p><p><strong>CONSIDERACIONES A TENER EN CUENTA<\/strong><\/p><p>\u2022 El \u00fanico estamento en la Provincia del Neuqu\u00e9n que posee la base de datos y efect\u00faa habilitaci\u00f3n de vigiladores es la\u00a0<strong>DIVISI\u00d3N AGENCIAS DE VIGILANCIA<\/strong>, con domicilio en calles Lan\u00edn y Saavedra de Neuqu\u00e9n capital.<\/p><p>\u2022 Descargando la aplicaci\u00f3n\u00a0<strong>NEUQUEN TE CUIDA<\/strong>\u00a0desde el Play Store, se obtiene el turno para obtener habilitaci\u00f3n como vigilador.\u00a0<img decoding=\"async\" src=\"http:\/\/www.neuquentecuida.gob.ar\/img\/Neuquen_TeCuida_interfaz.png\" alt=\"\" width=\"110\" height=\"181\" \/><\/p><p>\u2022 La documentaci\u00f3n a presentar debe ser\u00a0<strong>adelantada de manera digital<\/strong>\u00a0por el Director Ejecutivo o referente administrativo de cada empresa, a fines de corroborar que se den por cumplidos los requisitos solicitados y que los certificados est\u00e9n vigentes y actualizados.<\/p><p>\u2022 El\u00a0<strong>domicilio debe encontrarse actualizado<\/strong>. En caso de que exista duda respecto del domicilio, se requerir\u00e1 Certificado emitido por autoridad policial.<\/p><p>\u2022 El vigilador solamente es\u00a0<strong>habilitado a requerimiento<\/strong>\u00a0de una empresa de vigilancia, no por iniciativa propia.<\/p><p>\u2022 Al momento de concurrir al tr\u00e1mite de habilitaci\u00f3n, el vigilador debe\u00a0<strong>respetar las normas de bio-seguridad<\/strong>, concurriendo con barbijos, protector facial o lentes de seguridad, asistiendo de manera individual y manteniendo la distancia social con otras personas. La documentaci\u00f3n debe ser trasladada en folios de nylon.<\/p><p>\u2022 En la garita de guardia al edificio, se le controlar\u00e1 la temperatura corporal y\u00a0<strong>se le indicar\u00e1 el sector especifico<\/strong>\u00a0al cual dirigirse.<\/p><p>\u2022 El vigilador debe\u00a0<strong>concurrir al turno de manera puntual<\/strong>, en condiciones de aseo personal y con vestimenta formal\u00a0<em>(NO se permitir\u00e1 la concurrencia con pantalones cortos, ojotas, etc.)<\/em>.<\/p><p>\u2022 La habilitaci\u00f3n como vigilador tiene dos\u00a0<em>(2)<\/em>\u00a0a\u00f1os de validez, siempre que se desempe\u00f1e en la misma empresa de vigilancia. Cada vez que inicia una nueva relaci\u00f3n laboral, debe ser habilitado.<\/p><p>\u2022 Por alguna\u00a0<strong>consulta sobre los requisitos<\/strong>\u00a0obrantes, podr\u00e1 efectuarla al tel\u00e9fono fijo 4493900, interno 6008, de lunes a viernes en horario de 08:00 a 14:00 horas.<\/p>\t\t\t\t\t\t\t\t<\/div>\n\t\t\t\t<\/div>\n\t\t\t\t\t<\/div>\n\t\t<\/div>\n\t\t\t\t\t<\/div>\n\t\t<\/section>\n\t\t\t\t<section class=\"elementor-section elementor-top-section elementor-element elementor-element-bd0ca28 elementor-section-content-middle elementor-section-stretched elementor-section-boxed elementor-section-height-default elementor-section-height-default\" data-id=\"bd0ca28\" data-element_type=\"section\" data-e-type=\"section\" data-settings=\"{&quot;stretch_section&quot;:&quot;section-stretched&quot;}\">\n\t\t\t\t\t\t<div class=\"elementor-container elementor-column-gap-default\">\n\t\t\t\t\t<div class=\"elementor-column elementor-col-50 elementor-top-column elementor-element elementor-element-7f33658\" data-id=\"7f33658\" data-element_type=\"column\" data-e-type=\"column\">\n\t\t\t<div class=\"elementor-widget-wrap elementor-element-populated\">\n\t\t\t\t\t\t<div class=\"elementor-element elementor-element-3c46f9f elementor-align-left elementor-tablet-align-center elementor-widget elementor-widget-button\" data-id=\"3c46f9f\" data-element_type=\"widget\" data-e-type=\"widget\" data-widget_type=\"button.default\">\n\t\t\t\t<div class=\"elementor-widget-container\">\n\t\t\t\t\t\t\t\t\t<div class=\"elementor-button-wrapper\">\n\t\t\t\t\t<a class=\"elementor-button elementor-button-link elementor-size-xl elementor-animation-float\" href=\"https:\/\/www.policiadelneuquen.gob.ar\/index.php\/tramites-y-servicios\/\">\n\t\t\t\t\t\t<span class=\"elementor-button-content-wrapper\">\n\t\t\t\t\t\t\t\t\t<span class=\"elementor-button-text\">Volver<\/span>\n\t\t\t\t\t<\/span>\n\t\t\t\t\t<\/a>\n\t\t\t\t<\/div>\n\t\t\t\t\t\t\t\t<\/div>\n\t\t\t\t<\/div>\n\t\t\t\t\t<\/div>\n\t\t<\/div>\n\t\t\t\t<div class=\"elementor-column elementor-col-50 elementor-top-column elementor-element elementor-element-7ddbdc7\" data-id=\"7ddbdc7\" data-element_type=\"column\" data-e-type=\"column\">\n\t\t\t<div class=\"elementor-widget-wrap\">\n\t\t\t\t\t\t\t<\/div>\n\t\t<\/div>\n\t\t\t\t\t<\/div>\n\t\t<\/section>\n\t\t\t\t<section class=\"elementor-section elementor-top-section elementor-element elementor-element-029e0fa elementor-section-stretched elementor-hidden-tablet elementor-hidden-phone elementor-section-boxed elementor-section-height-default elementor-section-height-default\" data-id=\"029e0fa\" data-element_type=\"section\" data-e-type=\"section\" data-settings=\"{&quot;background_background&quot;:&quot;classic&quot;,&quot;stretch_section&quot;:&quot;section-stretched&quot;}\">\n\t\t\t\t\t\t<div class=\"elementor-container elementor-column-gap-default\">\n\t\t\t\t\t<div class=\"elementor-column elementor-col-100 elementor-top-column elementor-element elementor-element-c098d78\" data-id=\"c098d78\" data-element_type=\"column\" data-e-type=\"column\">\n\t\t\t<div class=\"elementor-widget-wrap elementor-element-populated\">\n\t\t\t\t\t\t<div class=\"elementor-element elementor-element-26d0f5c elementor-invisible elementor-widget elementor-widget-heading\" data-id=\"26d0f5c\" data-element_type=\"widget\" data-e-type=\"widget\" data-settings=\"{&quot;_animation&quot;:&quot;fadeIn&quot;,&quot;_animation_delay&quot;:100}\" data-widget_type=\"heading.default\">\n\t\t\t\t<div class=\"elementor-widget-container\">\n\t\t\t\t\t<h2 class=\"elementor-heading-title elementor-size-default\">Para mas Informaci\u00f3n Usa Nuestra app<\/h2>\t\t\t\t<\/div>\n\t\t\t\t<\/div>\n\t\t\t\t<section class=\"elementor-section elementor-inner-section elementor-element elementor-element-07aee9c elementor-section-boxed elementor-section-height-default elementor-section-height-default\" data-id=\"07aee9c\" data-element_type=\"section\" data-e-type=\"section\">\n\t\t\t\t\t\t<div class=\"elementor-container elementor-column-gap-default\">\n\t\t\t\t\t<div class=\"elementor-column elementor-col-50 elementor-inner-column elementor-element elementor-element-486f48d\" data-id=\"486f48d\" data-element_type=\"column\" data-e-type=\"column\">\n\t\t\t<div class=\"elementor-widget-wrap elementor-element-populated\">\n\t\t\t\t\t\t<div class=\"elementor-element elementor-element-b0a16bf elementor-align-right elementor-mobile-align-justify elementor-widget elementor-widget-button\" data-id=\"b0a16bf\" data-element_type=\"widget\" data-e-type=\"widget\" data-widget_type=\"button.default\">\n\t\t\t\t<div class=\"elementor-widget-container\">\n\t\t\t\t\t\t\t\t\t<div class=\"elementor-button-wrapper\">\n\t\t\t\t\t<a class=\"elementor-button elementor-button-link elementor-size-md\" href=\"https:\/\/play.google.com\/store\/apps\/details?id=com.androidmorefast.moden.apppanicbuttonv3&#038;hl=es_AR\">\n\t\t\t\t\t\t<span class=\"elementor-button-content-wrapper\">\n\t\t\t\t\t\t\t\t\t<span class=\"elementor-button-text\">Descargar<\/span>\n\t\t\t\t\t<\/span>\n\t\t\t\t\t<\/a>\n\t\t\t\t<\/div>\n\t\t\t\t\t\t\t\t<\/div>\n\t\t\t\t<\/div>\n\t\t\t\t\t<\/div>\n\t\t<\/div>\n\t\t\t\t<div class=\"elementor-column elementor-col-50 elementor-inner-column elementor-element elementor-element-b5eb429\" data-id=\"b5eb429\" data-element_type=\"column\" data-e-type=\"column\">\n\t\t\t<div class=\"elementor-widget-wrap elementor-element-populated\">\n\t\t\t\t\t\t<div class=\"elementor-element elementor-element-3628086 elementor-align-left elementor-mobile-align-justify elementor-widget elementor-widget-button\" data-id=\"3628086\" data-element_type=\"widget\" data-e-type=\"widget\" data-widget_type=\"button.default\">\n\t\t\t\t<div class=\"elementor-widget-container\">\n\t\t\t\t\t\t\t\t\t<div class=\"elementor-button-wrapper\">\n\t\t\t\t\t<a class=\"elementor-button elementor-button-link elementor-size-md\" href=\"http:\/\/www.neuquentecuida.gob.ar\/\">\n\t\t\t\t\t\t<span class=\"elementor-button-content-wrapper\">\n\t\t\t\t\t\t\t\t\t<span class=\"elementor-button-text\">Pagina Web<\/span>\n\t\t\t\t\t<\/span>\n\t\t\t\t\t<\/a>\n\t\t\t\t<\/div>\n\t\t\t\t\t\t\t\t<\/div>\n\t\t\t\t<\/div>\n\t\t\t\t\t<\/div>\n\t\t<\/div>\n\t\t\t\t\t<\/div>\n\t\t<\/section>\n\t\t\t\t\t<\/div>\n\t\t<\/div>\n\t\t\t\t\t<\/div>\n\t\t<\/section>\n\t\t\t\t<section class=\"elementor-section elementor-top-section elementor-element elementor-element-8f9ce03 elementor-section-stretched elementor-hidden-desktop elementor-section-boxed elementor-section-height-default elementor-section-height-default\" data-id=\"8f9ce03\" data-element_type=\"section\" data-e-type=\"section\" data-settings=\"{&quot;background_background&quot;:&quot;classic&quot;,&quot;stretch_section&quot;:&quot;section-stretched&quot;}\">\n\t\t\t\t\t\t<div class=\"elementor-container elementor-column-gap-default\">\n\t\t\t\t\t<div class=\"elementor-column elementor-col-100 elementor-top-column elementor-element elementor-element-95d1d77\" data-id=\"95d1d77\" data-element_type=\"column\" data-e-type=\"column\">\n\t\t\t<div class=\"elementor-widget-wrap elementor-element-populated\">\n\t\t\t\t\t\t<div class=\"elementor-element elementor-element-2ba4526 elementor-invisible elementor-widget elementor-widget-heading\" data-id=\"2ba4526\" data-element_type=\"widget\" data-e-type=\"widget\" data-settings=\"{&quot;_animation&quot;:&quot;fadeIn&quot;,&quot;_animation_delay&quot;:100}\" data-widget_type=\"heading.default\">\n\t\t\t\t<div class=\"elementor-widget-container\">\n\t\t\t\t\t<h2 class=\"elementor-heading-title elementor-size-default\">Para mas Informaci\u00f3n Usa Nuestra app<\/h2>\t\t\t\t<\/div>\n\t\t\t\t<\/div>\n\t\t\t\t<section class=\"elementor-section elementor-inner-section elementor-element elementor-element-076c217 elementor-section-boxed elementor-section-height-default elementor-section-height-default\" data-id=\"076c217\" data-element_type=\"section\" data-e-type=\"section\">\n\t\t\t\t\t\t<div class=\"elementor-container elementor-column-gap-default\">\n\t\t\t\t\t<div class=\"elementor-column elementor-col-50 elementor-inner-column elementor-element elementor-element-bfb02f2\" data-id=\"bfb02f2\" data-element_type=\"column\" data-e-type=\"column\">\n\t\t\t<div class=\"elementor-widget-wrap elementor-element-populated\">\n\t\t\t\t\t\t<div class=\"elementor-element elementor-element-6529e3b elementor-align-right elementor-mobile-align-justify elementor-widget elementor-widget-button\" data-id=\"6529e3b\" data-element_type=\"widget\" data-e-type=\"widget\" data-widget_type=\"button.default\">\n\t\t\t\t<div class=\"elementor-widget-container\">\n\t\t\t\t\t\t\t\t\t<div class=\"elementor-button-wrapper\">\n\t\t\t\t\t<a class=\"elementor-button elementor-button-link elementor-size-md\" href=\"https:\/\/play.google.com\/store\/apps\/details?id=com.androidmorefast.moden.apppanicbuttonv3&#038;hl=es_AR\">\n\t\t\t\t\t\t<span class=\"elementor-button-content-wrapper\">\n\t\t\t\t\t\t\t\t\t<span class=\"elementor-button-text\">Descargar<\/span>\n\t\t\t\t\t<\/span>\n\t\t\t\t\t<\/a>\n\t\t\t\t<\/div>\n\t\t\t\t\t\t\t\t<\/div>\n\t\t\t\t<\/div>\n\t\t\t\t\t<\/div>\n\t\t<\/div>\n\t\t\t\t<div class=\"elementor-column elementor-col-50 elementor-inner-column elementor-element elementor-element-eb40546\" data-id=\"eb40546\" data-element_type=\"column\" data-e-type=\"column\">\n\t\t\t<div class=\"elementor-widget-wrap elementor-element-populated\">\n\t\t\t\t\t\t<div class=\"elementor-element elementor-element-6f9b8bc elementor-align-left elementor-mobile-align-justify elementor-hidden-desktop elementor-widget elementor-widget-button\" data-id=\"6f9b8bc\" data-element_type=\"widget\" data-e-type=\"widget\" data-widget_type=\"button.default\">\n\t\t\t\t<div class=\"elementor-widget-container\">\n\t\t\t\t\t\t\t\t\t<div class=\"elementor-button-wrapper\">\n\t\t\t\t\t<a class=\"elementor-button elementor-button-link elementor-size-md\" href=\"http:\/\/www.neuquentecuida.gob.ar\/\">\n\t\t\t\t\t\t<span class=\"elementor-button-content-wrapper\">\n\t\t\t\t\t\t\t\t\t<span class=\"elementor-button-text\">Pagina Web<\/span>\n\t\t\t\t\t<\/span>\n\t\t\t\t\t<\/a>\n\t\t\t\t<\/div>\n\t\t\t\t\t\t\t\t<\/div>\n\t\t\t\t<\/div>\n\t\t\t\t\t<\/div>\n\t\t<\/div>\n\t\t\t\t\t<\/div>\n\t\t<\/section>\n\t\t\t\t\t<\/div>\n\t\t<\/div>\n\t\t\t\t\t<\/div>\n\t\t<\/section>\n\t\t\t\t<section class=\"elementor-section elementor-top-section elementor-element elementor-element-626bfe9 elementor-section-full_width elementor-section-stretched elementor-section-height-default elementor-section-height-default\" data-id=\"626bfe9\" data-element_type=\"section\" data-e-type=\"section\" data-settings=\"{&quot;stretch_section&quot;:&quot;section-stretched&quot;}\">\n\t\t\t\t\t\t<div class=\"elementor-container elementor-column-gap-default\">\n\t\t\t\t\t<div class=\"elementor-column elementor-col-100 elementor-top-column elementor-element elementor-element-3358c12\" data-id=\"3358c12\" data-element_type=\"column\" data-e-type=\"column\">\n\t\t\t<div class=\"elementor-widget-wrap elementor-element-populated\">\n\t\t\t\t\t\t<div class=\"elementor-element elementor-element-b5e90dc elementor-widget elementor-widget-image\" data-id=\"b5e90dc\" data-element_type=\"widget\" data-e-type=\"widget\" data-widget_type=\"image.default\">\n\t\t\t\t<div class=\"elementor-widget-container\">\n\t\t\t\t\t\t\t\t\t\t\t\t\t\t\t<img fetchpriority=\"high\" decoding=\"async\" width=\"2808\" height=\"812\" src=\"https:\/\/www.policiadelneuquen.gob.ar\/wp-content\/uploads\/2021\/06\/FOOTER-01-01.png\" class=\"attachment-full size-full wp-image-3023\" alt=\"\" srcset=\"https:\/\/www.policiadelneuquen.gob.ar\/wp-content\/uploads\/2021\/06\/FOOTER-01-01.png 2808w, https:\/\/www.policiadelneuquen.gob.ar\/wp-content\/uploads\/2021\/06\/FOOTER-01-01-300x87.png 300w, https:\/\/www.policiadelneuquen.gob.ar\/wp-content\/uploads\/2021\/06\/FOOTER-01-01-1024x296.png 1024w, https:\/\/www.policiadelneuquen.gob.ar\/wp-content\/uploads\/2021\/06\/FOOTER-01-01-768x222.png 768w, https:\/\/www.policiadelneuquen.gob.ar\/wp-content\/uploads\/2021\/06\/FOOTER-01-01-1536x444.png 1536w, https:\/\/www.policiadelneuquen.gob.ar\/wp-content\/uploads\/2021\/06\/FOOTER-01-01-2048x592.png 2048w, https:\/\/www.policiadelneuquen.gob.ar\/wp-content\/uploads\/2021\/06\/FOOTER-01-01-830x240.png 830w, https:\/\/www.policiadelneuquen.gob.ar\/wp-content\/uploads\/2021\/06\/FOOTER-01-01-230x67.png 230w, https:\/\/www.policiadelneuquen.gob.ar\/wp-content\/uploads\/2021\/06\/FOOTER-01-01-350x101.png 350w, https:\/\/www.policiadelneuquen.gob.ar\/wp-content\/uploads\/2021\/06\/FOOTER-01-01-480x139.png 480w\" sizes=\"(max-width: 2808px) 100vw, 2808px\" \/>\t\t\t\t\t\t\t\t\t\t\t\t\t\t\t<\/div>\n\t\t\t\t<\/div>\n\t\t\t\t\t<\/div>\n\t\t<\/div>\n\t\t\t\t\t<\/div>\n\t\t<\/section>\n\t\t\t\t<\/div>\n\t\t","protected":false},"excerpt":{"rendered":"<p>Agencias de Vigilancia Personal Documentaci\u00f3n a presentar: \u2022\u00a0DECLARACI\u00d3N JURADA\u00a0(2 COPIAS) que ser\u00e1n emitidas por la empresa de vigilancia que lo propone para trabajar. Cada Declaraci\u00f3n Jurada debe encontrarse con firma y sello de Director Ejecutivo, y poseer estampada o agregada fotograf\u00eda 3&#215;3 frontal fondo blanco y celeste del postulante a vigilador. Los datos personales en [&hellip;]<\/p>\n","protected":false},"author":2,"featured_media":0,"parent":0,"menu_order":0,"comment_status":"closed","ping_status":"closed","template":"","meta":{"site-sidebar-layout":"default","site-content-layout":"","ast-site-content-layout":"","site-content-style":"default","site-sidebar-style":"default","ast-global-header-display":"","ast-banner-title-visibility":"","ast-main-header-display":"","ast-hfb-above-header-display":"","ast-hfb-below-header-display":"","ast-hfb-mobile-header-display":"","site-post-title":"","ast-breadcrumbs-content":"","ast-featured-img":"","footer-sml-layout":"","theme-transparent-header-meta":"","adv-header-id-meta":"","stick-header-meta":"","header-above-stick-meta":"","header-main-stick-meta":"","header-below-stick-meta":"","astra-migrate-meta-layouts":"default","ast-page-background-enabled":"default","ast-page-background-meta":{"desktop":{"background-color":"","background-image":"","background-repeat":"repeat","background-position":"center center","background-size":"auto","background-attachment":"scroll","background-type":"","background-media":"","overlay-type":"","overlay-color":"","overlay-opacity":"","overlay-gradient":""},"tablet":{"background-color":"","background-image":"","background-repeat":"repeat","background-position":"center center","background-size":"auto","background-attachment":"scroll","background-type":"","background-media":"","overlay-type":"","overlay-color":"","overlay-opacity":"","overlay-gradient":""},"mobile":{"background-color":"","background-image":"","background-repeat":"repeat","background-position":"center center","background-size":"auto","background-attachment":"scroll","background-type":"","background-media":"","overlay-type":"","overlay-color":"","overlay-opacity":"","overlay-gradient":""}},"ast-content-background-meta":{"desktop":{"background-color":"var(--ast-global-color-5)","background-image":"","background-repeat":"repeat","background-position":"center center","background-size":"auto","background-attachment":"scroll","background-type":"","background-media":"","overlay-type":"","overlay-color":"","overlay-opacity":"","overlay-gradient":""},"tablet":{"background-color":"var(--ast-global-color-5)","background-image":"","background-repeat":"repeat","background-position":"center center","background-size":"auto","background-attachment":"scroll","background-type":"","background-media":"","overlay-type":"","overlay-color":"","overlay-opacity":"","overlay-gradient":""},"mobile":{"background-color":"var(--ast-global-color-5)","background-image":"","background-repeat":"repeat","background-position":"center center","background-size":"auto","background-attachment":"scroll","background-type":"","background-media":"","overlay-type":"","overlay-color":"","overlay-opacity":"","overlay-gradient":""}},"footnotes":""},"class_list":["post-1351","page","type-page","status-publish","hentry"],"_links":{"self":[{"href":"https:\/\/www.policiadelneuquen.gob.ar\/index.php\/wp-json\/wp\/v2\/pages\/1351","targetHints":{"allow":["GET"]}}],"collection":[{"href":"https:\/\/www.policiadelneuquen.gob.ar\/index.php\/wp-json\/wp\/v2\/pages"}],"about":[{"href":"https:\/\/www.policiadelneuquen.gob.ar\/index.php\/wp-json\/wp\/v2\/types\/page"}],"author":[{"embeddable":true,"href":"https:\/\/www.policiadelneuquen.gob.ar\/index.php\/wp-json\/wp\/v2\/users\/2"}],"replies":[{"embeddable":true,"href":"https:\/\/www.policiadelneuquen.gob.ar\/index.php\/wp-json\/wp\/v2\/comments?post=1351"}],"version-history":[{"count":93,"href":"https:\/\/www.policiadelneuquen.gob.ar\/index.php\/wp-json\/wp\/v2\/pages\/1351\/revisions"}],"predecessor-version":[{"id":58400,"href":"https:\/\/www.policiadelneuquen.gob.ar\/index.php\/wp-json\/wp\/v2\/pages\/1351\/revisions\/58400"}],"wp:attachment":[{"href":"https:\/\/www.policiadelneuquen.gob.ar\/index.php\/wp-json\/wp\/v2\/media?parent=1351"}],"curies":[{"name":"wp","href":"https:\/\/api.w.org\/{rel}","templated":true}]}}