{"id":29994,"date":"2022-10-17T15:40:01","date_gmt":"2022-10-17T18:40:01","guid":{"rendered":"https:\/\/www.policiadelneuquen.gob.ar\/?page_id=29994"},"modified":"2022-10-17T16:42:43","modified_gmt":"2022-10-17T19:42:43","slug":"inscripcion","status":"publish","type":"page","link":"https:\/\/www.policiadelneuquen.gob.ar\/index.php\/inscripcion\/","title":{"rendered":"<!--Inscripcion Noviembre 2022-->"},"content":{"rendered":"\t\t<div data-elementor-type=\"wp-page\" data-elementor-id=\"29994\" class=\"elementor elementor-29994\">\n\t\t\t\t\t\t<section class=\"elementor-section elementor-top-section elementor-element elementor-element-8c452da elementor-section-boxed elementor-section-height-default elementor-section-height-default\" data-id=\"8c452da\" data-element_type=\"section\" data-e-type=\"section\">\n\t\t\t\t\t\t<div class=\"elementor-container elementor-column-gap-default\">\n\t\t\t\t\t<div class=\"elementor-column elementor-col-100 elementor-top-column elementor-element elementor-element-1aee69d\" data-id=\"1aee69d\" data-element_type=\"column\" data-e-type=\"column\">\n\t\t\t<div class=\"elementor-widget-wrap elementor-element-populated\">\n\t\t\t\t\t\t<div class=\"elementor-element elementor-element-ddfb57d elementor-widget elementor-widget-image\" data-id=\"ddfb57d\" data-element_type=\"widget\" data-e-type=\"widget\" data-widget_type=\"image.default\">\n\t\t\t\t<div class=\"elementor-widget-container\">\n\t\t\t\t\t\t\t\t\t\t\t\t\t\t\t<img fetchpriority=\"high\" decoding=\"async\" width=\"575\" height=\"1024\" src=\"https:\/\/www.policiadelneuquen.gob.ar\/wp-content\/uploads\/2022\/10\/WhatsApp-Image-2022-10-17-at-16.28.00-575x1024.jpeg\" class=\"attachment-large size-large wp-image-30020\" alt=\"\" srcset=\"https:\/\/www.policiadelneuquen.gob.ar\/wp-content\/uploads\/2022\/10\/WhatsApp-Image-2022-10-17-at-16.28.00-575x1024.jpeg 575w, https:\/\/www.policiadelneuquen.gob.ar\/wp-content\/uploads\/2022\/10\/WhatsApp-Image-2022-10-17-at-16.28.00-169x300.jpeg 169w, https:\/\/www.policiadelneuquen.gob.ar\/wp-content\/uploads\/2022\/10\/WhatsApp-Image-2022-10-17-at-16.28.00-768x1367.jpeg 768w, https:\/\/www.policiadelneuquen.gob.ar\/wp-content\/uploads\/2022\/10\/WhatsApp-Image-2022-10-17-at-16.28.00-863x1536.jpeg 863w, https:\/\/www.policiadelneuquen.gob.ar\/wp-content\/uploads\/2022\/10\/WhatsApp-Image-2022-10-17-at-16.28.00.jpeg 898w\" sizes=\"(max-width: 575px) 100vw, 575px\" \/>\t\t\t\t\t\t\t\t\t\t\t\t\t\t\t<\/div>\n\t\t\t\t<\/div>\n\t\t\t\t\t<\/div>\n\t\t<\/div>\n\t\t\t\t\t<\/div>\n\t\t<\/section>\n\t\t\t\t<section class=\"elementor-section elementor-top-section elementor-element elementor-element-c3b76e2 elementor-section-boxed elementor-section-height-default elementor-section-height-default\" data-id=\"c3b76e2\" data-element_type=\"section\" data-e-type=\"section\">\n\t\t\t\t\t\t<div class=\"elementor-container elementor-column-gap-default\">\n\t\t\t\t\t<div class=\"elementor-column elementor-col-100 elementor-top-column elementor-element elementor-element-c891492\" data-id=\"c891492\" data-element_type=\"column\" data-e-type=\"column\">\n\t\t\t<div class=\"elementor-widget-wrap elementor-element-populated\">\n\t\t\t\t\t\t<div class=\"elementor-element elementor-element-90a576a elementor-widget elementor-widget-text-editor\" data-id=\"90a576a\" data-element_type=\"widget\" data-e-type=\"widget\" data-widget_type=\"text-editor.default\">\n\t\t\t\t<div class=\"elementor-widget-container\">\n\t\t\t\t\t\t\t\t\t<p>La Polic\u00eda del Neuqu\u00e9n invita a la JORNADA DE PUERTAS ABIERTAS, la cual se realizar\u00e1 los d\u00edas 10 y 11 de Noviembre entre las 09 y 15 horas en instalaciones de la ESCUELA DE CADETES sito en calle Obrero Argentino 1500 de esta ciudad. Dichas jornadas se enmarcan en el plan de reclutamiento para el a\u00f1o 2023 y tienen por objetivo abrir las puertas de nuestra escuela para que los jovenes de la ciudad y la provincia puedan acceder a este espacio en el cual conocer\u00e0n las diferentes unidades operativas de la fuerza, podr\u00e0n conocer el espacio academico con todos los contenidos curriculares de cada carrera, las ofertas educativas del Instituto Superior, adem\u00e1s podr\u00e1n visitar todas las instalaciones del establecimiento.<\/p>\t\t\t\t\t\t\t\t<\/div>\n\t\t\t\t<\/div>\n\t\t\t\t\t<\/div>\n\t\t<\/div>\n\t\t\t\t\t<\/div>\n\t\t<\/section>\n\t\t\t\t<section class=\"elementor-section elementor-top-section elementor-element elementor-element-9d02d5e elementor-section-boxed elementor-section-height-default elementor-section-height-default\" data-id=\"9d02d5e\" data-element_type=\"section\" data-e-type=\"section\">\n\t\t\t\t\t\t<div class=\"elementor-container elementor-column-gap-default\">\n\t\t\t\t\t<div class=\"elementor-column elementor-col-100 elementor-top-column elementor-element elementor-element-fc28e7b\" data-id=\"fc28e7b\" data-element_type=\"column\" data-e-type=\"column\">\n\t\t\t<div class=\"elementor-widget-wrap elementor-element-populated\">\n\t\t\t\t\t\t<div class=\"elementor-element elementor-element-d52567e elementor-widget elementor-widget-html\" data-id=\"d52567e\" data-element_type=\"widget\" data-e-type=\"widget\" data-widget_type=\"html.default\">\n\t\t\t\t<div class=\"elementor-widget-container\">\n\t\t\t\t\t<iframe src=\"https:\/\/docs.google.com\/forms\/d\/e\/1FAIpQLSfhYQLeUHUBxhva2rTdbcR5VWxzSnUiE64f2ac6NqcychLUoQ\/viewform?embedded=true\" width=\"640\" height=\"1350\" frameborder=\"0\" marginheight=\"0\" marginwidth=\"0\">Cargando\u2026<\/iframe>\t\t\t\t<\/div>\n\t\t\t\t<\/div>\n\t\t\t\t\t<\/div>\n\t\t<\/div>\n\t\t\t\t\t<\/div>\n\t\t<\/section>\n\t\t\t\t<section class=\"elementor-section elementor-top-section elementor-element elementor-element-17902bc elementor-section-full_width elementor-section-stretched elementor-hidden-tablet elementor-hidden-mobile elementor-section-height-default elementor-section-height-default\" data-id=\"17902bc\" data-element_type=\"section\" data-e-type=\"section\" data-settings=\"{&quot;stretch_section&quot;:&quot;section-stretched&quot;}\">\n\t\t\t\t\t\t<div class=\"elementor-container elementor-column-gap-default\">\n\t\t\t\t\t<div class=\"elementor-column elementor-col-100 elementor-top-column elementor-element elementor-element-e02571d\" data-id=\"e02571d\" data-element_type=\"column\" data-e-type=\"column\">\n\t\t\t<div class=\"elementor-widget-wrap elementor-element-populated\">\n\t\t\t\t\t\t<div class=\"elementor-element elementor-element-4cd3bf7 elementor-widget elementor-widget-image\" data-id=\"4cd3bf7\" data-element_type=\"widget\" data-e-type=\"widget\" data-widget_type=\"image.default\">\n\t\t\t\t<div class=\"elementor-widget-container\">\n\t\t\t\t\t\t\t\t\t\t\t\t\t\t\t<img decoding=\"async\" width=\"2808\" height=\"812\" src=\"https:\/\/www.policiadelneuquen.gob.ar\/wp-content\/uploads\/2021\/06\/FOOTER-01-01.png\" class=\"attachment-full size-full wp-image-3023\" alt=\"\" srcset=\"https:\/\/www.policiadelneuquen.gob.ar\/wp-content\/uploads\/2021\/06\/FOOTER-01-01.png 2808w, https:\/\/www.policiadelneuquen.gob.ar\/wp-content\/uploads\/2021\/06\/FOOTER-01-01-300x87.png 300w, https:\/\/www.policiadelneuquen.gob.ar\/wp-content\/uploads\/2021\/06\/FOOTER-01-01-1024x296.png 1024w, https:\/\/www.policiadelneuquen.gob.ar\/wp-content\/uploads\/2021\/06\/FOOTER-01-01-768x222.png 768w, https:\/\/www.policiadelneuquen.gob.ar\/wp-content\/uploads\/2021\/06\/FOOTER-01-01-1536x444.png 1536w, https:\/\/www.policiadelneuquen.gob.ar\/wp-content\/uploads\/2021\/06\/FOOTER-01-01-2048x592.png 2048w, https:\/\/www.policiadelneuquen.gob.ar\/wp-content\/uploads\/2021\/06\/FOOTER-01-01-830x240.png 830w, https:\/\/www.policiadelneuquen.gob.ar\/wp-content\/uploads\/2021\/06\/FOOTER-01-01-230x67.png 230w, https:\/\/www.policiadelneuquen.gob.ar\/wp-content\/uploads\/2021\/06\/FOOTER-01-01-350x101.png 350w, https:\/\/www.policiadelneuquen.gob.ar\/wp-content\/uploads\/2021\/06\/FOOTER-01-01-480x139.png 480w\" sizes=\"(max-width: 2808px) 100vw, 2808px\" \/>\t\t\t\t\t\t\t\t\t\t\t\t\t\t\t<\/div>\n\t\t\t\t<\/div>\n\t\t\t\t\t<\/div>\n\t\t<\/div>\n\t\t\t\t\t<\/div>\n\t\t<\/section>\n\t\t\t\t<section class=\"elementor-section elementor-top-section elementor-element elementor-element-c1a7b8d elementor-section-boxed elementor-section-height-default elementor-section-height-default\" data-id=\"c1a7b8d\" data-element_type=\"section\" data-e-type=\"section\">\n\t\t\t\t\t\t<div class=\"elementor-container elementor-column-gap-default\">\n\t\t\t\t\t<div class=\"elementor-column elementor-col-100 elementor-top-column elementor-element elementor-element-1f3bc12\" data-id=\"1f3bc12\" data-element_type=\"column\" data-e-type=\"column\">\n\t\t\t<div class=\"elementor-widget-wrap elementor-element-populated\">\n\t\t\t\t\t\t<div class=\"elementor-element elementor-element-7fd9947 elementor-hidden-desktop elementor-widget elementor-widget-image\" data-id=\"7fd9947\" data-element_type=\"widget\" data-e-type=\"widget\" data-widget_type=\"image.default\">\n\t\t\t\t<div class=\"elementor-widget-container\">\n\t\t\t\t\t\t\t\t\t\t\t\t\t\t\t<img decoding=\"async\" width=\"710\" height=\"444\" src=\"https:\/\/www.policiadelneuquen.gob.ar\/wp-content\/uploads\/2022\/03\/footer.png\" class=\"attachment-full size-full wp-image-19709\" alt=\"\" srcset=\"https:\/\/www.policiadelneuquen.gob.ar\/wp-content\/uploads\/2022\/03\/footer.png 710w, https:\/\/www.policiadelneuquen.gob.ar\/wp-content\/uploads\/2022\/03\/footer-300x188.png 300w\" sizes=\"(max-width: 710px) 100vw, 710px\" \/>\t\t\t\t\t\t\t\t\t\t\t\t\t\t\t<\/div>\n\t\t\t\t<\/div>\n\t\t\t\t\t<\/div>\n\t\t<\/div>\n\t\t\t\t\t<\/div>\n\t\t<\/section>\n\t\t\t\t<\/div>\n\t\t","protected":false},"excerpt":{"rendered":"<p>La Polic\u00eda del Neuqu\u00e9n invita a la JORNADA DE PUERTAS ABIERTAS, la cual se realizar\u00e1 los d\u00edas 10 y 11 de Noviembre entre las 09 y 15 horas en instalaciones de la ESCUELA DE CADETES sito en calle Obrero Argentino 1500 de esta ciudad. Dichas jornadas se enmarcan en el plan de reclutamiento para el [&hellip;]<\/p>\n","protected":false},"author":2,"featured_media":0,"parent":0,"menu_order":0,"comment_status":"closed","ping_status":"closed","template":"","meta":{"site-sidebar-layout":"no-sidebar","site-content-layout":"page-builder","ast-site-content-layout":"default","site-content-style":"default","site-sidebar-style":"default","ast-global-header-display":"","ast-banner-title-visibility":"","ast-main-header-display":"","ast-hfb-above-header-display":"","ast-hfb-below-header-display":"","ast-hfb-mobile-header-display":"","site-post-title":"disabled","ast-breadcrumbs-content":"","ast-featured-img":"disabled","footer-sml-layout":"","ast-disable-related-posts":"","theme-transparent-header-meta":"","adv-header-id-meta":"","stick-header-meta":"","header-above-stick-meta":"","header-main-stick-meta":"","header-below-stick-meta":"","astra-migrate-meta-layouts":"default","ast-page-background-enabled":"default","ast-page-background-meta":{"desktop":{"background-color":"","background-image":"","background-repeat":"repeat","background-position":"center center","background-size":"auto","background-attachment":"scroll","background-type":"","background-media":"","overlay-type":"","overlay-color":"","overlay-opacity":"","overlay-gradient":""},"tablet":{"background-color":"","background-image":"","background-repeat":"repeat","background-position":"center center","background-size":"auto","background-attachment":"scroll","background-type":"","background-media":"","overlay-type":"","overlay-color":"","overlay-opacity":"","overlay-gradient":""},"mobile":{"background-color":"","background-image":"","background-repeat":"repeat","background-position":"center center","background-size":"auto","background-attachment":"scroll","background-type":"","background-media":"","overlay-type":"","overlay-color":"","overlay-opacity":"","overlay-gradient":""}},"ast-content-background-meta":{"desktop":{"background-color":"var(--ast-global-color-5)","background-image":"","background-repeat":"repeat","background-position":"center center","background-size":"auto","background-attachment":"scroll","background-type":"","background-media":"","overlay-type":"","overlay-color":"","overlay-opacity":"","overlay-gradient":""},"tablet":{"background-color":"var(--ast-global-color-5)","background-image":"","background-repeat":"repeat","background-position":"center center","background-size":"auto","background-attachment":"scroll","background-type":"","background-media":"","overlay-type":"","overlay-color":"","overlay-opacity":"","overlay-gradient":""},"mobile":{"background-color":"var(--ast-global-color-5)","background-image":"","background-repeat":"repeat","background-position":"center center","background-size":"auto","background-attachment":"scroll","background-type":"","background-media":"","overlay-type":"","overlay-color":"","overlay-opacity":"","overlay-gradient":""}},"footnotes":""},"class_list":["post-29994","page","type-page","status-publish","hentry"],"_links":{"self":[{"href":"https:\/\/www.policiadelneuquen.gob.ar\/index.php\/wp-json\/wp\/v2\/pages\/29994","targetHints":{"allow":["GET"]}}],"collection":[{"href":"https:\/\/www.policiadelneuquen.gob.ar\/index.php\/wp-json\/wp\/v2\/pages"}],"about":[{"href":"https:\/\/www.policiadelneuquen.gob.ar\/index.php\/wp-json\/wp\/v2\/types\/page"}],"author":[{"embeddable":true,"href":"https:\/\/www.policiadelneuquen.gob.ar\/index.php\/wp-json\/wp\/v2\/users\/2"}],"replies":[{"embeddable":true,"href":"https:\/\/www.policiadelneuquen.gob.ar\/index.php\/wp-json\/wp\/v2\/comments?post=29994"}],"version-history":[{"count":14,"href":"https:\/\/www.policiadelneuquen.gob.ar\/index.php\/wp-json\/wp\/v2\/pages\/29994\/revisions"}],"predecessor-version":[{"id":30026,"href":"https:\/\/www.policiadelneuquen.gob.ar\/index.php\/wp-json\/wp\/v2\/pages\/29994\/revisions\/30026"}],"wp:attachment":[{"href":"https:\/\/www.policiadelneuquen.gob.ar\/index.php\/wp-json\/wp\/v2\/media?parent=29994"}],"curies":[{"name":"wp","href":"https:\/\/api.w.org\/{rel}","templated":true}]}}