{"id":3449,"date":"2021-06-11T16:31:50","date_gmt":"2021-06-11T19:31:50","guid":{"rendered":"https:\/\/www.policiadelneuquen.gob.ar\/?page_id=3449"},"modified":"2021-06-11T16:34:35","modified_gmt":"2021-06-11T19:34:35","slug":"1631-cria-44-y-2da-cuatro-demorados-por-perpetrar-un-robo-bajo-la-modalidad-viuda-negra","status":"publish","type":"page","link":"https:\/\/www.policiadelneuquen.gob.ar\/index.php\/1631-cria-44-y-2da-cuatro-demorados-por-perpetrar-un-robo-bajo-la-modalidad-viuda-negra\/","title":{"rendered":"16:31 CRIA 44 Y 2da: Cuatro demorados por perpetrar un robo bajo la modalidad viuda negra."},"content":{"rendered":"\n<p>Gracias a un r\u00e1pido accionar que involucr\u00f3 el trabajo conjunto de Comisar\u00eda 44\u00b0 y Segunda llevado a cabo hoy (11\/06), se logr\u00f3 la demora de cuatro personas y el recupero de dos veh\u00edculos, adem\u00e1s de elementos que hab\u00edan sido robados bajo la modalidad denominada \u201cviuda negra\u201d.<\/p>\n\n\n\n<p>El episodio tuvo lugar pasada la medianoche, cuando uniformados del \u00e1rea seguridad e investigaciones Comisar\u00eda 44\u00b0 se hicieron presentes en una vivienda de calle San Ignacio, tras tomar conocimiento que en el lugar se encontraba el propietario, un hombre mayor de edad, el cual hab\u00eda perdido la conciencia y estaba siendo atendido por personal del SIEN, quien habr\u00eda sufrido el robo de distintos elementos y dos rodados, un autom\u00f3vil Renault Cl\u00edo de color gris y una Camioneta Toyota Hilux de color blanca, seg\u00fan pudo aportar el hijo de la v\u00edctima.<\/p>\n\n\n\n<p>Al realizar las primeras pesquisas, los polic\u00edas notaron que la puerta y el port\u00f3n de ingreso no hab\u00edan sido violentados, como as\u00ed hallaron distintas bebidas alcoh\u00f3licas lo que hizo suponer que hab\u00eda sido v\u00edctima de una treta.<\/p>\n\n\n\n<p>Inmediatamente se dio aviso a las dem\u00e1s Unidades de las caracter\u00edsticas de los veh\u00edculos. Personal de Comisar\u00eda Segunda que se encontraba realizando patrullaje preventivo por Tierra del Fuego al 1200 aproximadamente, observaron un auto Renault Cl\u00edo en el que circulaban una pareja, el cual coincid\u00eda con las caracter\u00edsticas aportadas.<\/p>\n\n\n\n<p>R\u00e1pidamente detuvieron la marcha e identificaron a trav\u00e9s de los sistemas inform\u00e1ticos a los ocupantes, un hombre de 30 y una mujer de 36 a\u00f1os, arrojando que la \u00faltima registraba un pedido de paradero a solicitud de la Defensor\u00eda del Ni\u00f1o de Cutral C\u00f3. Adem\u00e1s constataron que se trataba del rodado en cuesti\u00f3n, por lo que fueron demorados.<\/p>\n\n\n\n<p>Horas despu\u00e9s&nbsp; uniformados fueron alertados de la presencia de una camioneta Toyota Hilux de Color blanca, realizando maniobras indebidas por calle Tierra del Fuego, por tal motivo acudieron inmediatamente logrando dar con el veh\u00edculo e identificaron a las personas, un hombre y una mujer mayores de edad, que se encontraban en el interior, quienes no lograron justificar su permanencia en la v\u00eda p\u00fablica.<\/p>\n\n\n\n<p>Mientras realizaban el procedimiento, el personal policial observ\u00f3 en la caja del rodado un televisor LED 55\u2019, una notebook, parlantes y prendas de vestir, como as\u00ed al corroborar el dominio, lograron establecer que era el veh\u00edculo sustra\u00eddo de calle San Ignacio.<\/p>\n\n\n\n<p>Las cuatro personas demoradas fueron trasladadas a sede policial, donde al continuar con las diligencias judiciales, una de las mujeres extrajo del interior de sus prendas un envase de clonazepam de 20 ml.<\/p>\n\n\n\n<p>Como resultado, los demorados y los elementos secuestrados, quedaron a disposici\u00f3n de la Justicia.<\/p>\n\n\n\n<figure class=\"wp-block-gallery columns-3 is-cropped wp-block-gallery-1 is-layout-flex wp-block-gallery-is-layout-flex\"><ul class=\"blocks-gallery-grid\"><li class=\"blocks-gallery-item\"><figure><img fetchpriority=\"high\" decoding=\"async\" width=\"1024\" height=\"768\" src=\"https:\/\/www.policiadelneuquen.gob.ar\/wp-content\/uploads\/2021\/06\/cria-44-y-2DA-3-1024x768.jpeg\" alt=\"\" data-id=\"3442\" data-full-url=\"https:\/\/www.policiadelneuquen.gob.ar\/wp-content\/uploads\/2021\/06\/cria-44-y-2DA-3.jpeg\" data-link=\"https:\/\/www.policiadelneuquen.gob.ar\/index.php\/1612-cria-44-y-2da-cuatro-demorados-por-perpetrar-un-robo-bajo-la-modalidad-viuda-negra\/cria-44-y-2da-3\/\" class=\"wp-image-3442\" srcset=\"https:\/\/www.policiadelneuquen.gob.ar\/wp-content\/uploads\/2021\/06\/cria-44-y-2DA-3-1024x768.jpeg 1024w, https:\/\/www.policiadelneuquen.gob.ar\/wp-content\/uploads\/2021\/06\/cria-44-y-2DA-3-300x225.jpeg 300w, https:\/\/www.policiadelneuquen.gob.ar\/wp-content\/uploads\/2021\/06\/cria-44-y-2DA-3-768x576.jpeg 768w, https:\/\/www.policiadelneuquen.gob.ar\/wp-content\/uploads\/2021\/06\/cria-44-y-2DA-3-830x623.jpeg 830w, https:\/\/www.policiadelneuquen.gob.ar\/wp-content\/uploads\/2021\/06\/cria-44-y-2DA-3-230x173.jpeg 230w, https:\/\/www.policiadelneuquen.gob.ar\/wp-content\/uploads\/2021\/06\/cria-44-y-2DA-3-350x263.jpeg 350w, https:\/\/www.policiadelneuquen.gob.ar\/wp-content\/uploads\/2021\/06\/cria-44-y-2DA-3-480x360.jpeg 480w, https:\/\/www.policiadelneuquen.gob.ar\/wp-content\/uploads\/2021\/06\/cria-44-y-2DA-3.jpeg 1280w\" sizes=\"(max-width: 1024px) 100vw, 1024px\" \/><\/figure><\/li><li class=\"blocks-gallery-item\"><figure><img decoding=\"async\" width=\"576\" height=\"1024\" src=\"https:\/\/www.policiadelneuquen.gob.ar\/wp-content\/uploads\/2021\/06\/cria-44-y-2DA-5-576x1024.jpeg\" alt=\"\" data-id=\"3444\" data-full-url=\"https:\/\/www.policiadelneuquen.gob.ar\/wp-content\/uploads\/2021\/06\/cria-44-y-2DA-5.jpeg\" data-link=\"https:\/\/www.policiadelneuquen.gob.ar\/index.php\/1612-cria-44-y-2da-cuatro-demorados-por-perpetrar-un-robo-bajo-la-modalidad-viuda-negra\/cria-44-y-2da-5\/\" class=\"wp-image-3444\" srcset=\"https:\/\/www.policiadelneuquen.gob.ar\/wp-content\/uploads\/2021\/06\/cria-44-y-2DA-5-576x1024.jpeg 576w, https:\/\/www.policiadelneuquen.gob.ar\/wp-content\/uploads\/2021\/06\/cria-44-y-2DA-5-169x300.jpeg 169w, https:\/\/www.policiadelneuquen.gob.ar\/wp-content\/uploads\/2021\/06\/cria-44-y-2DA-5-230x409.jpeg 230w, https:\/\/www.policiadelneuquen.gob.ar\/wp-content\/uploads\/2021\/06\/cria-44-y-2DA-5-350x622.jpeg 350w, https:\/\/www.policiadelneuquen.gob.ar\/wp-content\/uploads\/2021\/06\/cria-44-y-2DA-5-480x853.jpeg 480w, https:\/\/www.policiadelneuquen.gob.ar\/wp-content\/uploads\/2021\/06\/cria-44-y-2DA-5.jpeg 720w\" sizes=\"(max-width: 576px) 100vw, 576px\" \/><\/figure><\/li><li class=\"blocks-gallery-item\"><figure><img decoding=\"async\" width=\"1024\" height=\"768\" src=\"https:\/\/www.policiadelneuquen.gob.ar\/wp-content\/uploads\/2021\/06\/cria-44-y-2DA-2-1024x768.jpeg\" alt=\"\" data-id=\"3441\" data-full-url=\"https:\/\/www.policiadelneuquen.gob.ar\/wp-content\/uploads\/2021\/06\/cria-44-y-2DA-2.jpeg\" data-link=\"https:\/\/www.policiadelneuquen.gob.ar\/index.php\/1612-cria-44-y-2da-cuatro-demorados-por-perpetrar-un-robo-bajo-la-modalidad-viuda-negra\/cria-44-y-2da-2\/\" class=\"wp-image-3441\" srcset=\"https:\/\/www.policiadelneuquen.gob.ar\/wp-content\/uploads\/2021\/06\/cria-44-y-2DA-2-1024x768.jpeg 1024w, https:\/\/www.policiadelneuquen.gob.ar\/wp-content\/uploads\/2021\/06\/cria-44-y-2DA-2-300x225.jpeg 300w, https:\/\/www.policiadelneuquen.gob.ar\/wp-content\/uploads\/2021\/06\/cria-44-y-2DA-2-768x576.jpeg 768w, https:\/\/www.policiadelneuquen.gob.ar\/wp-content\/uploads\/2021\/06\/cria-44-y-2DA-2-830x623.jpeg 830w, https:\/\/www.policiadelneuquen.gob.ar\/wp-content\/uploads\/2021\/06\/cria-44-y-2DA-2-230x173.jpeg 230w, https:\/\/www.policiadelneuquen.gob.ar\/wp-content\/uploads\/2021\/06\/cria-44-y-2DA-2-350x263.jpeg 350w, https:\/\/www.policiadelneuquen.gob.ar\/wp-content\/uploads\/2021\/06\/cria-44-y-2DA-2-480x360.jpeg 480w, https:\/\/www.policiadelneuquen.gob.ar\/wp-content\/uploads\/2021\/06\/cria-44-y-2DA-2.jpeg 1280w\" sizes=\"(max-width: 1024px) 100vw, 1024px\" \/><\/figure><\/li><li class=\"blocks-gallery-item\"><figure><img loading=\"lazy\" decoding=\"async\" width=\"576\" height=\"1024\" src=\"https:\/\/www.policiadelneuquen.gob.ar\/wp-content\/uploads\/2021\/06\/cria-44-y-2DA-4-576x1024.jpeg\" alt=\"\" data-id=\"3443\" data-full-url=\"https:\/\/www.policiadelneuquen.gob.ar\/wp-content\/uploads\/2021\/06\/cria-44-y-2DA-4.jpeg\" data-link=\"https:\/\/www.policiadelneuquen.gob.ar\/index.php\/1612-cria-44-y-2da-cuatro-demorados-por-perpetrar-un-robo-bajo-la-modalidad-viuda-negra\/cria-44-y-2da-4\/\" class=\"wp-image-3443\" srcset=\"https:\/\/www.policiadelneuquen.gob.ar\/wp-content\/uploads\/2021\/06\/cria-44-y-2DA-4-576x1024.jpeg 576w, https:\/\/www.policiadelneuquen.gob.ar\/wp-content\/uploads\/2021\/06\/cria-44-y-2DA-4-169x300.jpeg 169w, https:\/\/www.policiadelneuquen.gob.ar\/wp-content\/uploads\/2021\/06\/cria-44-y-2DA-4-230x409.jpeg 230w, https:\/\/www.policiadelneuquen.gob.ar\/wp-content\/uploads\/2021\/06\/cria-44-y-2DA-4-350x622.jpeg 350w, https:\/\/www.policiadelneuquen.gob.ar\/wp-content\/uploads\/2021\/06\/cria-44-y-2DA-4-480x853.jpeg 480w, https:\/\/www.policiadelneuquen.gob.ar\/wp-content\/uploads\/2021\/06\/cria-44-y-2DA-4.jpeg 720w\" sizes=\"(max-width: 576px) 100vw, 576px\" \/><\/figure><\/li><\/ul><\/figure>\n\n\n\n<p><\/p>\n","protected":false},"excerpt":{"rendered":"<p>Gracias a un r\u00e1pido accionar que involucr\u00f3 el trabajo conjunto de Comisar\u00eda 44\u00b0 y Segunda llevado a cabo hoy (11\/06), se logr\u00f3 la demora de cuatro personas y el recupero de dos veh\u00edculos, adem\u00e1s de elementos que hab\u00edan sido robados bajo la modalidad denominada \u201cviuda negra\u201d. El episodio tuvo lugar pasada la medianoche, cuando uniformados [&hellip;]<\/p>\n","protected":false},"author":6,"featured_media":3440,"parent":0,"menu_order":0,"comment_status":"closed","ping_status":"closed","template":"","meta":{"site-sidebar-layout":"default","site-content-layout":"","ast-site-content-layout":"","site-content-style":"default","site-sidebar-style":"default","ast-global-header-display":"","ast-banner-title-visibility":"","ast-main-header-display":"","ast-hfb-above-header-display":"","ast-hfb-below-header-display":"","ast-hfb-mobile-header-display":"","site-post-title":"","ast-breadcrumbs-content":"","ast-featured-img":"","footer-sml-layout":"","theme-transparent-header-meta":"","adv-header-id-meta":"","stick-header-meta":"","header-above-stick-meta":"","header-main-stick-meta":"","header-below-stick-meta":"","astra-migrate-meta-layouts":"default","ast-page-background-enabled":"default","ast-page-background-meta":{"desktop":{"background-color":"","background-image":"","background-repeat":"repeat","background-position":"center center","background-size":"auto","background-attachment":"scroll","background-type":"","background-media":"","overlay-type":"","overlay-color":"","overlay-opacity":"","overlay-gradient":""},"tablet":{"background-color":"","background-image":"","background-repeat":"repeat","background-position":"center center","background-size":"auto","background-attachment":"scroll","background-type":"","background-media":"","overlay-type":"","overlay-color":"","overlay-opacity":"","overlay-gradient":""},"mobile":{"background-color":"","background-image":"","background-repeat":"repeat","background-position":"center center","background-size":"auto","background-attachment":"scroll","background-type":"","background-media":"","overlay-type":"","overlay-color":"","overlay-opacity":"","overlay-gradient":""}},"ast-content-background-meta":{"desktop":{"background-color":"var(--ast-global-color-5)","background-image":"","background-repeat":"repeat","background-position":"center center","background-size":"auto","background-attachment":"scroll","background-type":"","background-media":"","overlay-type":"","overlay-color":"","overlay-opacity":"","overlay-gradient":""},"tablet":{"background-color":"var(--ast-global-color-5)","background-image":"","background-repeat":"repeat","background-position":"center center","background-size":"auto","background-attachment":"scroll","background-type":"","background-media":"","overlay-type":"","overlay-color":"","overlay-opacity":"","overlay-gradient":""},"mobile":{"background-color":"var(--ast-global-color-5)","background-image":"","background-repeat":"repeat","background-position":"center center","background-size":"auto","background-attachment":"scroll","background-type":"","background-media":"","overlay-type":"","overlay-color":"","overlay-opacity":"","overlay-gradient":""}},"footnotes":""},"class_list":["post-3449","page","type-page","status-publish","has-post-thumbnail","hentry"],"_links":{"self":[{"href":"https:\/\/www.policiadelneuquen.gob.ar\/index.php\/wp-json\/wp\/v2\/pages\/3449","targetHints":{"allow":["GET"]}}],"collection":[{"href":"https:\/\/www.policiadelneuquen.gob.ar\/index.php\/wp-json\/wp\/v2\/pages"}],"about":[{"href":"https:\/\/www.policiadelneuquen.gob.ar\/index.php\/wp-json\/wp\/v2\/types\/page"}],"author":[{"embeddable":true,"href":"https:\/\/www.policiadelneuquen.gob.ar\/index.php\/wp-json\/wp\/v2\/users\/6"}],"replies":[{"embeddable":true,"href":"https:\/\/www.policiadelneuquen.gob.ar\/index.php\/wp-json\/wp\/v2\/comments?post=3449"}],"version-history":[{"count":3,"href":"https:\/\/www.policiadelneuquen.gob.ar\/index.php\/wp-json\/wp\/v2\/pages\/3449\/revisions"}],"predecessor-version":[{"id":3454,"href":"https:\/\/www.policiadelneuquen.gob.ar\/index.php\/wp-json\/wp\/v2\/pages\/3449\/revisions\/3454"}],"wp:featuredmedia":[{"embeddable":true,"href":"https:\/\/www.policiadelneuquen.gob.ar\/index.php\/wp-json\/wp\/v2\/media\/3440"}],"wp:attachment":[{"href":"https:\/\/www.policiadelneuquen.gob.ar\/index.php\/wp-json\/wp\/v2\/media?parent=3449"}],"curies":[{"name":"wp","href":"https:\/\/api.w.org\/{rel}","templated":true}]}}