{"id":44,"date":"2021-05-19T14:15:00","date_gmt":"2021-05-19T17:15:00","guid":{"rendered":"https:\/\/webdesarrollo.polneuquen.gob.ar\/?page_id=44"},"modified":"2025-02-20T09:01:23","modified_gmt":"2025-02-20T12:01:23","slug":"noticias","status":"publish","type":"page","link":"https:\/\/www.policiadelneuquen.gob.ar\/index.php\/noticias\/","title":{"rendered":"NOTICIAS"},"content":{"rendered":"\t\t<div data-elementor-type=\"wp-page\" data-elementor-id=\"44\" class=\"elementor elementor-44\">\n\t\t\t\t\t\t<section class=\"elementor-section elementor-top-section elementor-element elementor-element-5edcf99 elementor-section-full_width elementor-section-stretched elementor-section-height-default elementor-section-height-default\" data-id=\"5edcf99\" data-element_type=\"section\" data-e-type=\"section\" data-settings=\"{&quot;stretch_section&quot;:&quot;section-stretched&quot;}\">\n\t\t\t\t\t\t<div class=\"elementor-container elementor-column-gap-default\">\n\t\t\t\t\t<div class=\"elementor-column elementor-col-100 elementor-top-column elementor-element elementor-element-845df6c\" data-id=\"845df6c\" data-element_type=\"column\" data-e-type=\"column\">\n\t\t\t<div class=\"elementor-widget-wrap\">\n\t\t\t\t\t\t\t<\/div>\n\t\t<\/div>\n\t\t\t\t\t<\/div>\n\t\t<\/section>\n\t\t\t\t<section class=\"elementor-section elementor-top-section elementor-element elementor-element-6b8c4e2 elementor-section-content-middle elementor-section-stretched elementor-section-full_width elementor-section-height-default elementor-section-height-default\" data-id=\"6b8c4e2\" data-element_type=\"section\" data-e-type=\"section\" data-settings=\"{&quot;background_background&quot;:&quot;classic&quot;,&quot;stretch_section&quot;:&quot;section-stretched&quot;}\">\n\t\t\t\t\t\t\t<div class=\"elementor-background-overlay\"><\/div>\n\t\t\t\t\t\t\t<div class=\"elementor-container elementor-column-gap-wide\">\n\t\t\t\t\t<div class=\"elementor-column elementor-col-100 elementor-top-column elementor-element elementor-element-61d73bd8\" data-id=\"61d73bd8\" data-element_type=\"column\" data-e-type=\"column\">\n\t\t\t<div class=\"elementor-widget-wrap elementor-element-populated\">\n\t\t\t\t\t\t<div class=\"elementor-element elementor-element-b4bb1d6 elementor-widget elementor-widget-image\" data-id=\"b4bb1d6\" data-element_type=\"widget\" data-e-type=\"widget\" data-widget_type=\"image.default\">\n\t\t\t\t<div class=\"elementor-widget-container\">\n\t\t\t\t\t\t\t\t\t\t\t\t\t\t\t<img fetchpriority=\"high\" decoding=\"async\" width=\"2560\" height=\"513\" src=\"https:\/\/www.policiadelneuquen.gob.ar\/wp-content\/uploads\/2025\/02\/PORTADAWEB-scaled.jpg\" class=\"attachment-full size-full wp-image-58423\" alt=\"\" srcset=\"https:\/\/www.policiadelneuquen.gob.ar\/wp-content\/uploads\/2025\/02\/PORTADAWEB-scaled.jpg 2560w, https:\/\/www.policiadelneuquen.gob.ar\/wp-content\/uploads\/2025\/02\/PORTADAWEB-300x60.jpg 300w, https:\/\/www.policiadelneuquen.gob.ar\/wp-content\/uploads\/2025\/02\/PORTADAWEB-1024x205.jpg 1024w, https:\/\/www.policiadelneuquen.gob.ar\/wp-content\/uploads\/2025\/02\/PORTADAWEB-768x154.jpg 768w, https:\/\/www.policiadelneuquen.gob.ar\/wp-content\/uploads\/2025\/02\/PORTADAWEB-1536x308.jpg 1536w, https:\/\/www.policiadelneuquen.gob.ar\/wp-content\/uploads\/2025\/02\/PORTADAWEB-2048x410.jpg 2048w\" sizes=\"(max-width: 2560px) 100vw, 2560px\" \/>\t\t\t\t\t\t\t\t\t\t\t\t\t\t\t<\/div>\n\t\t\t\t<\/div>\n\t\t\t\t<div class=\"elementor-element elementor-element-52c47e98 e-transform elementor-widget elementor-widget-heading\" data-id=\"52c47e98\" data-element_type=\"widget\" data-e-type=\"widget\" data-settings=\"{&quot;_transform_scale_effect_tablet&quot;:{&quot;unit&quot;:&quot;px&quot;,&quot;size&quot;:0,&quot;sizes&quot;:[]},&quot;_transform_scale_effect_mobile&quot;:{&quot;unit&quot;:&quot;px&quot;,&quot;size&quot;:0.9,&quot;sizes&quot;:[]},&quot;_transform_scale_effect&quot;:{&quot;unit&quot;:&quot;px&quot;,&quot;size&quot;:&quot;&quot;,&quot;sizes&quot;:[]}}\" data-widget_type=\"heading.default\">\n\t\t\t\t<div class=\"elementor-widget-container\">\n\t\t\t\t\t<h2 class=\"elementor-heading-title elementor-size-default\">NOTICIAS POLICIALES E INSTITUCIONALES<\/h2>\t\t\t\t<\/div>\n\t\t\t\t<\/div>\n\t\t\t\t<div class=\"elementor-element elementor-element-faad1f5 elementor-widget-divider--view-line elementor-widget elementor-widget-divider\" data-id=\"faad1f5\" data-element_type=\"widget\" data-e-type=\"widget\" data-widget_type=\"divider.default\">\n\t\t\t\t<div class=\"elementor-widget-container\">\n\t\t\t\t\t\t\t<div class=\"elementor-divider\">\n\t\t\t<span class=\"elementor-divider-separator\">\n\t\t\t\t\t\t<\/span>\n\t\t<\/div>\n\t\t\t\t\t\t<\/div>\n\t\t\t\t<\/div>\n\t\t\t\t\t<\/div>\n\t\t<\/div>\n\t\t\t\t\t<\/div>\n\t\t<\/section>\n\t\t\t\t<section class=\"elementor-section elementor-top-section elementor-element elementor-element-26c14a9 elementor-section-stretched elementor-section-boxed elementor-section-height-default elementor-section-height-default\" data-id=\"26c14a9\" data-element_type=\"section\" data-e-type=\"section\" data-settings=\"{&quot;stretch_section&quot;:&quot;section-stretched&quot;}\">\n\t\t\t\t\t\t<div class=\"elementor-container elementor-column-gap-default\">\n\t\t\t\t\t<div class=\"elementor-column elementor-col-100 elementor-top-column elementor-element elementor-element-0d6afbb\" data-id=\"0d6afbb\" data-element_type=\"column\" data-e-type=\"column\">\n\t\t\t<div class=\"elementor-widget-wrap elementor-element-populated\">\n\t\t\t\t\t\t<div class=\"elementor-element elementor-element-9f9d238 elementor-widget elementor-widget-text-editor\" data-id=\"9f9d238\" data-element_type=\"widget\" data-e-type=\"widget\" data-widget_type=\"text-editor.default\">\n\t\t\t\t<div class=\"elementor-widget-container\">\n\t\t\t\t\t\t\t\t\t<h1>INFORMAMOS Y COMUNICAMOS<\/h1>\t\t\t\t\t\t\t\t<\/div>\n\t\t\t\t<\/div>\n\t\t\t\t\t<\/div>\n\t\t<\/div>\n\t\t\t\t\t<\/div>\n\t\t<\/section>\n\t\t\t\t<section class=\"elementor-section elementor-top-section elementor-element elementor-element-abfa56f elementor-section-stretched elementor-section-boxed elementor-section-height-default elementor-section-height-default\" data-id=\"abfa56f\" data-element_type=\"section\" data-e-type=\"section\" data-settings=\"{&quot;stretch_section&quot;:&quot;section-stretched&quot;}\">\n\t\t\t\t\t\t<div class=\"elementor-container elementor-column-gap-default\">\n\t\t\t\t\t<div class=\"elementor-column elementor-col-100 elementor-top-column elementor-element elementor-element-13a9802\" data-id=\"13a9802\" data-element_type=\"column\" data-e-type=\"column\">\n\t\t\t<div class=\"elementor-widget-wrap elementor-element-populated\">\n\t\t\t\t\t\t<div class=\"elementor-element elementor-element-abadd22 elementor-widget elementor-widget-button\" data-id=\"abadd22\" data-element_type=\"widget\" data-e-type=\"widget\" data-widget_type=\"button.default\">\n\t\t\t\t<div class=\"elementor-widget-container\">\n\t\t\t\t\t\t\t\t\t<div class=\"elementor-button-wrapper\">\n\t\t\t\t\t<a class=\"elementor-button elementor-button-link elementor-size-xs elementor-animation-pulse\" href=\"https:\/\/www.policiadelneuquen.gob.ar\/index.php\/2314-2\/\">\n\t\t\t\t\t\t<span class=\"elementor-button-content-wrapper\">\n\t\t\t\t\t\t\t\t\t<span class=\"elementor-button-text\">Ver m\u00e1s<\/span>\n\t\t\t\t\t<\/span>\n\t\t\t\t\t<\/a>\n\t\t\t\t<\/div>\n\t\t\t\t\t\t\t\t<\/div>\n\t\t\t\t<\/div>\n\t\t<div class=\"elementor-element elementor-element-28bfb5c e-flex e-con-boxed e-con e-parent\" data-id=\"28bfb5c\" data-element_type=\"container\" data-e-type=\"container\">\n\t\t\t\t\t<div class=\"e-con-inner\">\n\t\t\t\t<div class=\"elementor-element elementor-element-636fa3f elementor-widget-divider--view-line elementor-widget elementor-widget-divider\" data-id=\"636fa3f\" data-element_type=\"widget\" data-e-type=\"widget\" data-widget_type=\"divider.default\">\n\t\t\t\t<div class=\"elementor-widget-container\">\n\t\t\t\t\t\t\t<div class=\"elementor-divider\">\n\t\t\t<span class=\"elementor-divider-separator\">\n\t\t\t\t\t\t<\/span>\n\t\t<\/div>\n\t\t\t\t\t\t<\/div>\n\t\t\t\t<\/div>\n\t\t\t\t<div class=\"elementor-element elementor-element-eaac7ee elementor-widget elementor-widget-heading\" data-id=\"eaac7ee\" data-element_type=\"widget\" data-e-type=\"widget\" data-widget_type=\"heading.default\">\n\t\t\t\t<div class=\"elementor-widget-container\">\n\t\t\t\t\t<h2 class=\"elementor-heading-title elementor-size-default\"><a href=\"https:\/\/www.youtube.com\/@PoliciadelNeuquen\">DOCUMENTAL:\nM\u00c1S ALL\u00c1 DEL DEBER, POLIC\u00cdAS DEL NEUQU\u00c9N, EN MALVINAS<\/a><\/h2>\t\t\t\t<\/div>\n\t\t\t\t<\/div>\n\t\t\t\t<div class=\"elementor-element elementor-element-793089c bdt-pagination-hide-yes bdt-carousel-style-carousel elementor-widget elementor-widget-prime-slider-tango\" data-id=\"793089c\" data-element_type=\"widget\" data-e-type=\"widget\" data-widget_type=\"prime-slider-tango.default\">\n\t\t\t\t<div class=\"elementor-widget-container\">\n\t\t\t\t\t\t\t<div class=\"bdt-prime-slider\">\n\t\t<div id=\"bdt-prime-slider-793089c\" class=\"bdt-prime-slider-tango elementor-swiper\" data-settings=\"{&quot;autoplay&quot;:{&quot;delay&quot;:5000},&quot;loop&quot;:true,&quot;speed&quot;:900,&quot;slidesPerView&quot;:1,&quot;slidesPerGroup&quot;:1,&quot;centeredSlides&quot;:true,&quot;effect&quot;:&quot;carousel&quot;,&quot;breakpoints&quot;:{&quot;768&quot;:{&quot;slidesPerView&quot;:3,&quot;spaceBetween&quot;:30,&quot;slidesPerGroup&quot;:1},&quot;1024&quot;:{&quot;slidesPerView&quot;:3,&quot;spaceBetween&quot;:40,&quot;slidesPerGroup&quot;:1}},&quot;navigation&quot;:{&quot;nextEl&quot;:&quot;#bdt-prime-slider-793089c .bdt-navigation-next&quot;,&quot;prevEl&quot;:&quot;#bdt-prime-slider-793089c .bdt-navigation-prev&quot;},&quot;pagination&quot;:{&quot;el&quot;:&quot;#bdt-prime-slider-793089c .swiper-pagination&quot;,&quot;clickable&quot;:&quot;true&quot;},&quot;coverflowEffect&quot;:{&quot;rotate&quot;:0,&quot;stretch&quot;:180,&quot;depth&quot;:100,&quot;modifier&quot;:1,&quot;slideShadows&quot;:true}}\">\n\t\t\t<div class=\"swiper-tango swiper\" role=\"region\" aria-roledescription=\"carousel\" aria-label=\"Tango Slider\" dir=\"ltr\">\n\t\t\t\t<div class=\"swiper-wrapper\">\n\t\t\n            <div class=\"swiper-slide bdt-item\">\n\t\t\t\t<div class=\"bdt-image-wrap\">\n\t\t\t\t\t<img decoding=\"async\" width=\"645\" height=\"938\" src=\"https:\/\/www.policiadelneuquen.gob.ar\/wp-content\/uploads\/2024\/04\/ARELLANO.png\" class=\"bdt-img\" alt=\"CAP\u00cdTULO I\" srcset=\"https:\/\/www.policiadelneuquen.gob.ar\/wp-content\/uploads\/2024\/04\/ARELLANO.png 645w, https:\/\/www.policiadelneuquen.gob.ar\/wp-content\/uploads\/2024\/04\/ARELLANO-206x300.png 206w\" sizes=\"(max-width: 645px) 100vw, 645px\" \/>\t\t\t\t<\/div>\n\t\t\t\t<div class=\"bdt-content-wrap\">\n\n\t\t\t\t\n\t\t\t\t\t\t\t\t\t\t\t<h1 class=\"bdt-title\" data-reveal=\"reveal-active\">\n\t\t\t\t\t\t\t\t\t\t\t\t\t\t\t<a href=\"https:\/\/www.youtube.com\/watch?v=-7nXEfFq-a4&#038;t=483s\">\n\t\t\t\t\t\t\t\t\t\t\t\t\t\t\t\t<span class=\"frist-word\">CAP\u00cdTULO<\/span> I\t\t\t\t\t\t\t\t\t\t\t\t\t\t\t\t<\/a>\n\t\t\t\t\t\t\t\t\t\t\t\t\t<\/h1>\n\t\t\t\t\t\t\t\t\t<\/div>\n\t\t\t\t\t\t\t<\/div>\n\n        \n            <div class=\"swiper-slide bdt-item\">\n\t\t\t\t<div class=\"bdt-image-wrap\">\n\t\t\t\t\t<img decoding=\"async\" width=\"645\" height=\"938\" src=\"https:\/\/www.policiadelneuquen.gob.ar\/wp-content\/uploads\/2024\/04\/HUMERTO.png\" class=\"bdt-img\" alt=\"CAP\u00cdTULO II\" srcset=\"https:\/\/www.policiadelneuquen.gob.ar\/wp-content\/uploads\/2024\/04\/HUMERTO.png 645w, https:\/\/www.policiadelneuquen.gob.ar\/wp-content\/uploads\/2024\/04\/HUMERTO-206x300.png 206w\" sizes=\"(max-width: 645px) 100vw, 645px\" \/>\t\t\t\t<\/div>\n\t\t\t\t<div class=\"bdt-content-wrap\">\n\n\t\t\t\t\n\t\t\t\t\t\t\t\t\t\t\t<h1 class=\"bdt-title\" data-reveal=\"reveal-active\">\n\t\t\t\t\t\t\t\t\t\t\t\t\t\t\t<a href=\"https:\/\/www.youtube.com\/watch?v=k145qR1WZW8\">\n\t\t\t\t\t\t\t\t\t\t\t\t\t\t\t\t<span class=\"frist-word\">CAP\u00cdTULO<\/span> II\t\t\t\t\t\t\t\t\t\t\t\t\t\t\t\t<\/a>\n\t\t\t\t\t\t\t\t\t\t\t\t\t<\/h1>\n\t\t\t\t\t\t\t\t\t<\/div>\n\t\t\t\t\t\t\t<\/div>\n\n        \n            <div class=\"swiper-slide bdt-item\">\n\t\t\t\t<div class=\"bdt-image-wrap\">\n\t\t\t\t\t<img loading=\"lazy\" decoding=\"async\" width=\"645\" height=\"938\" src=\"https:\/\/www.policiadelneuquen.gob.ar\/wp-content\/uploads\/2024\/04\/RAUL-1.png\" class=\"bdt-img\" alt=\"CAP\u00cdTULO III\" srcset=\"https:\/\/www.policiadelneuquen.gob.ar\/wp-content\/uploads\/2024\/04\/RAUL-1.png 645w, https:\/\/www.policiadelneuquen.gob.ar\/wp-content\/uploads\/2024\/04\/RAUL-1-206x300.png 206w\" sizes=\"(max-width: 645px) 100vw, 645px\" \/>\t\t\t\t<\/div>\n\t\t\t\t<div class=\"bdt-content-wrap\">\n\n\t\t\t\t\n\t\t\t\t\t\t\t\t\t\t\t<h1 class=\"bdt-title\" data-reveal=\"reveal-active\">\n\t\t\t\t\t\t\t\t\t\t\t\t\t\t\t<a href=\"https:\/\/www.youtube.com\/watch?v=5v7LNhBM8tk&#038;t=1331s\">\n\t\t\t\t\t\t\t\t\t\t\t\t\t\t\t\t<span class=\"frist-word\">CAP\u00cdTULO<\/span> III\t\t\t\t\t\t\t\t\t\t\t\t\t\t\t\t<\/a>\n\t\t\t\t\t\t\t\t\t\t\t\t\t<\/h1>\n\t\t\t\t\t\t\t\t\t<\/div>\n\t\t\t\t\t\t\t<\/div>\n\n        \t\t\t\t<\/div>\n\t\t\t<\/div>\n\t\t\t\n\t\t\t\t\t\t\t\t\t\n\t\t\t<div class=\"swiper-pagination reveal-muted\"><\/div>\n\t\t\t<!-- <div class=\"swiper-scrollbar\"><\/div> -->\n\t\t\t\n\t\t\t\t\t\t\t\t\n\t\t\t\t\t\t<div class=\"bdt-arrows-center bdt-navigation-arrows bdt-position-z-index reveal-muted\">\n\t\t\t\t<div class=\"bdt-navigation-prev bdt-slidenav\"><i class=\"ps-wi-arrow-left-5\"><\/i><\/div>\n\t\t\t\t<div class=\"bdt-navigation-next bdt-slidenav\"><i class=\"ps-wi-arrow-right-5\"><\/i><\/div>\n\t\t\t<\/div>\n\t\t\t\n\t\t\t\t<\/div>\n\t\t<\/div>\n\n\t\t\t\t\t\t<\/div>\n\t\t\t\t<\/div>\n\t\t\t\t<div class=\"elementor-element elementor-element-91ea01a elementor-widget-divider--view-line elementor-widget elementor-widget-divider\" data-id=\"91ea01a\" data-element_type=\"widget\" data-e-type=\"widget\" data-widget_type=\"divider.default\">\n\t\t\t\t<div class=\"elementor-widget-container\">\n\t\t\t\t\t\t\t<div class=\"elementor-divider\">\n\t\t\t<span class=\"elementor-divider-separator\">\n\t\t\t\t\t\t<\/span>\n\t\t<\/div>\n\t\t\t\t\t\t<\/div>\n\t\t\t\t<\/div>\n\t\t\t\t\t<\/div>\n\t\t\t\t<\/div>\n\t\t\t\t\t<\/div>\n\t\t<\/div>\n\t\t\t\t\t<\/div>\n\t\t<\/section>\n\t\t\t\t<section class=\"elementor-section elementor-top-section elementor-element elementor-element-158e206 elementor-section-stretched elementor-section-boxed elementor-section-height-default elementor-section-height-default\" data-id=\"158e206\" data-element_type=\"section\" data-e-type=\"section\" data-settings=\"{&quot;stretch_section&quot;:&quot;section-stretched&quot;}\">\n\t\t\t\t\t\t<div class=\"elementor-container elementor-column-gap-default\">\n\t\t\t\t\t<div class=\"elementor-column elementor-col-100 elementor-top-column elementor-element elementor-element-9f79327\" data-id=\"9f79327\" data-element_type=\"column\" data-e-type=\"column\">\n\t\t\t<div class=\"elementor-widget-wrap elementor-element-populated\">\n\t\t\t\t\t\t<div class=\"elementor-element elementor-element-4914a45 elementor-widget elementor-widget-heading\" data-id=\"4914a45\" data-element_type=\"widget\" data-e-type=\"widget\" data-widget_type=\"heading.default\">\n\t\t\t\t<div class=\"elementor-widget-container\">\n\t\t\t\t\t<h2 class=\"elementor-heading-title elementor-size-default\">NECROL\u00d3GICAS<\/h2>\t\t\t\t<\/div>\n\t\t\t\t<\/div>\n\t\t\t\t<div class=\"elementor-element elementor-element-3e90632 elementor-widget elementor-widget-button\" data-id=\"3e90632\" data-element_type=\"widget\" data-e-type=\"widget\" data-widget_type=\"button.default\">\n\t\t\t\t<div class=\"elementor-widget-container\">\n\t\t\t\t\t\t\t\t\t<div class=\"elementor-button-wrapper\">\n\t\t\t\t\t<a class=\"elementor-button elementor-button-link elementor-size-sm elementor-animation-pulse\" href=\"https:\/\/www.policiadelneuquen.gob.ar\/index.php\/2322-2\/\">\n\t\t\t\t\t\t<span class=\"elementor-button-content-wrapper\">\n\t\t\t\t\t\t\t\t\t<span class=\"elementor-button-text\">Ver m\u00e1s<\/span>\n\t\t\t\t\t<\/span>\n\t\t\t\t\t<\/a>\n\t\t\t\t<\/div>\n\t\t\t\t\t\t\t\t<\/div>\n\t\t\t\t<\/div>\n\t\t\t\t\t<\/div>\n\t\t<\/div>\n\t\t\t\t\t<\/div>\n\t\t<\/section>\n\t\t\t\t<section class=\"elementor-section elementor-top-section elementor-element elementor-element-db4f70d elementor-section-boxed elementor-section-height-default elementor-section-height-default\" data-id=\"db4f70d\" data-element_type=\"section\" data-e-type=\"section\">\n\t\t\t\t\t\t<div class=\"elementor-container elementor-column-gap-default\">\n\t\t\t\t\t<div class=\"elementor-column elementor-col-100 elementor-top-column elementor-element elementor-element-d54101a\" data-id=\"d54101a\" data-element_type=\"column\" data-e-type=\"column\">\n\t\t\t<div class=\"elementor-widget-wrap elementor-element-populated\">\n\t\t\t\t\t\t<div class=\"elementor-element elementor-element-3d53e5a elementor-hidden-desktop elementor-widget elementor-widget-image\" data-id=\"3d53e5a\" data-element_type=\"widget\" data-e-type=\"widget\" data-widget_type=\"image.default\">\n\t\t\t\t<div class=\"elementor-widget-container\">\n\t\t\t\t\t\t\t\t\t\t\t\t\t\t\t<img loading=\"lazy\" decoding=\"async\" width=\"710\" height=\"444\" src=\"https:\/\/www.policiadelneuquen.gob.ar\/wp-content\/uploads\/2022\/03\/footer.png\" class=\"attachment-full size-full wp-image-19709\" alt=\"\" srcset=\"https:\/\/www.policiadelneuquen.gob.ar\/wp-content\/uploads\/2022\/03\/footer.png 710w, https:\/\/www.policiadelneuquen.gob.ar\/wp-content\/uploads\/2022\/03\/footer-300x188.png 300w\" sizes=\"(max-width: 710px) 100vw, 710px\" \/>\t\t\t\t\t\t\t\t\t\t\t\t\t\t\t<\/div>\n\t\t\t\t<\/div>\n\t\t\t\t\t<\/div>\n\t\t<\/div>\n\t\t\t\t\t<\/div>\n\t\t<\/section>\n\t\t\t\t<\/div>\n\t\t","protected":false},"excerpt":{"rendered":"<p>NOTICIAS POLICIALES E INSTITUCIONALES INFORMAMOS Y COMUNICAMOS DEMORAN A UN HOMBRE CON PEDIDO DE CAPTURA VIGENTE EN LA TERMINAL&hellip; Departamento | 02\/20\/2025 INCAUTAN AUTOMOVIL CON PEDIDO DE SECUESTRO Departamento | 06\/12\/2024 VILLA LA ANGOSTURA: Demorado y armas secuestradas en allanamiento Departamento | 06\/10\/2024 RECUPERAN ELEMENTOS MAL HABIDOS LUEGO DE HABER SIDO ROBADOS VIOLENTAMENTE Departamento | [&hellip;]<\/p>\n","protected":false},"author":14,"featured_media":0,"parent":0,"menu_order":0,"comment_status":"closed","ping_status":"closed","template":"","meta":{"site-sidebar-layout":"default","site-content-layout":"","ast-site-content-layout":"","site-content-style":"default","site-sidebar-style":"default","ast-global-header-display":"","ast-banner-title-visibility":"","ast-main-header-display":"","ast-hfb-above-header-display":"","ast-hfb-below-header-display":"","ast-hfb-mobile-header-display":"","site-post-title":"","ast-breadcrumbs-content":"","ast-featured-img":"","footer-sml-layout":"","theme-transparent-header-meta":"","adv-header-id-meta":"","stick-header-meta":"","header-above-stick-meta":"","header-main-stick-meta":"","header-below-stick-meta":"","astra-migrate-meta-layouts":"default","ast-page-background-enabled":"default","ast-page-background-meta":{"desktop":{"background-color":"","background-image":"","background-repeat":"repeat","background-position":"center center","background-size":"auto","background-attachment":"scroll","background-type":"","background-media":"","overlay-type":"","overlay-color":"","overlay-opacity":"","overlay-gradient":""},"tablet":{"background-color":"","background-image":"","background-repeat":"repeat","background-position":"center center","background-size":"auto","background-attachment":"scroll","background-type":"","background-media":"","overlay-type":"","overlay-color":"","overlay-opacity":"","overlay-gradient":""},"mobile":{"background-color":"","background-image":"","background-repeat":"repeat","background-position":"center center","background-size":"auto","background-attachment":"scroll","background-type":"","background-media":"","overlay-type":"","overlay-color":"","overlay-opacity":"","overlay-gradient":""}},"ast-content-background-meta":{"desktop":{"background-color":"var(--ast-global-color-5)","background-image":"","background-repeat":"repeat","background-position":"center center","background-size":"auto","background-attachment":"scroll","background-type":"","background-media":"","overlay-type":"","overlay-color":"","overlay-opacity":"","overlay-gradient":""},"tablet":{"background-color":"var(--ast-global-color-5)","background-image":"","background-repeat":"repeat","background-position":"center center","background-size":"auto","background-attachment":"scroll","background-type":"","background-media":"","overlay-type":"","overlay-color":"","overlay-opacity":"","overlay-gradient":""},"mobile":{"background-color":"var(--ast-global-color-5)","background-image":"","background-repeat":"repeat","background-position":"center center","background-size":"auto","background-attachment":"scroll","background-type":"","background-media":"","overlay-type":"","overlay-color":"","overlay-opacity":"","overlay-gradient":""}},"footnotes":""},"class_list":["post-44","page","type-page","status-publish","hentry"],"_links":{"self":[{"href":"https:\/\/www.policiadelneuquen.gob.ar\/index.php\/wp-json\/wp\/v2\/pages\/44","targetHints":{"allow":["GET"]}}],"collection":[{"href":"https:\/\/www.policiadelneuquen.gob.ar\/index.php\/wp-json\/wp\/v2\/pages"}],"about":[{"href":"https:\/\/www.policiadelneuquen.gob.ar\/index.php\/wp-json\/wp\/v2\/types\/page"}],"author":[{"embeddable":true,"href":"https:\/\/www.policiadelneuquen.gob.ar\/index.php\/wp-json\/wp\/v2\/users\/14"}],"replies":[{"embeddable":true,"href":"https:\/\/www.policiadelneuquen.gob.ar\/index.php\/wp-json\/wp\/v2\/comments?post=44"}],"version-history":[{"count":434,"href":"https:\/\/www.policiadelneuquen.gob.ar\/index.php\/wp-json\/wp\/v2\/pages\/44\/revisions"}],"predecessor-version":[{"id":58427,"href":"https:\/\/www.policiadelneuquen.gob.ar\/index.php\/wp-json\/wp\/v2\/pages\/44\/revisions\/58427"}],"wp:attachment":[{"href":"https:\/\/www.policiadelneuquen.gob.ar\/index.php\/wp-json\/wp\/v2\/media?parent=44"}],"curies":[{"name":"wp","href":"https:\/\/api.w.org\/{rel}","templated":true}]}}